{"id":1668,"date":"2022-08-18T12:55:39","date_gmt":"2022-08-18T10:55:39","guid":{"rendered":"https:\/\/wenthauspolomka.com\/?page_id=1668"},"modified":"2024-10-17T17:10:04","modified_gmt":"2024-10-17T15:10:04","slug":"leistung","status":"publish","type":"page","link":"https:\/\/wenthauspolomka.com\/?page_id=1668","title":{"rendered":"Leistung"},"content":{"rendered":"\n<div class=\"wp-block-group alignwide is-layout-flow wp-block-group-is-layout-flow\" style=\"padding-top:0px;padding-right:0;padding-bottom:80px;padding-left:0\">\n<h2 class=\"wp-block-heading has-text-align-left\" style=\"margin-top:80px;margin-bottom:80px\">Beratung. Planung. Umsetzung. Transparent alles aus einer Hand.<\/h2>\n\n\n\n<p class=\"has-ast-global-color-3-color has-text-color wp-block-paragraph\">Wir unterst\u00fctzen Sie bei Ihrem Bauvorhaben und \u00fcberzeugen durch ma\u00dfgeschneiderte L\u00f6sungsans\u00e4tzen, welche immer mit dem Fokus auf eine gemeinsame Erarbeitung von Strategien und Konzepte betrachtet werden. Gemeinsam mit Ihnen f\u00fcr Sie. <\/p>\n\n\n\n<p class=\"wp-block-paragraph\">Wir schaffen gesamtheitliche Gestaltung von kleinen Objekten bis hin zum \u00fcbergreifenden Verst\u00e4ndnis zwischen Innenarchitektur und Architektur. Aktueller Zeitgeist und zukunftsorientiertes Design flie\u00dfen in unseren Entw\u00fcrfen immer zusammen. Nutzungen und Funktionsabl\u00e4ufe versuchen wir vorausschauend zu planen und in den Konzepten sinnvoll zu integrieren. Die ganzheitliche Betrachtung von R\u00e4umen und Orten setzen wir immer in Beziehung zueinander und kreieren eine individuelle Umgebung mit der Sie sich identifizieren k\u00f6nnen. <\/p>\n\n\n\n<p class=\"wp-block-paragraph\">Wir begleiten Sie von der ersten Skizze, \u00fcber den Entwurf, bis hin zur Ausf\u00fchrung und Koordination der Baustelle. Bei Bedarf k\u00f6nnen wir auch mit einem Netzwerk aus regionalen Handwerkern unterst\u00fctzen.  <\/p>\n\n\n\n<p class=\"wp-block-paragraph\">Generell bilden wir alle der <strong>Innenarchitektur<\/strong> zugewandten Bereiche ab und k\u00f6nnen durch unseren Erfahrungen in der <strong>Architektur<\/strong> (durch unsere Firma <a rel=\"noreferrer noopener\" href=\"https:\/\/livingunits.de\" data-type=\"URL\" data-id=\"https:\/\/livingunits.de\" target=\"_blank\">livingunits<\/a>) ein Gesamtpaket anbieten. <\/p>\n\n\n\n<div style=\"height:100px\" aria-hidden=\"true\" class=\"wp-block-spacer\"><\/div>\n\n\n\n<div class=\"wp-block-group is-layout-constrained wp-container-core-group-is-layout-bf995604 wp-block-group-is-layout-constrained\">\n<p class=\"has-text-align-right margin-bottom-half wp-block-paragraph\" style=\"line-height:1.2\"><strong>Co-Working<\/strong><\/p>\n\n\n\n<p class=\"has-text-align-right margin-bottom-half wp-block-paragraph\" style=\"line-height:1.2\"><em>Becku<\/em>m <\/p>\n<\/div>\n\n\n\n<figure class=\"wp-block-image size-large margin-top-half\"><img data-recalc-dims=\"1\" fetchpriority=\"high\" decoding=\"async\" width=\"4062\" height=\"2537\" data-attachment-id=\"2027\" data-permalink=\"https:\/\/wenthauspolomka.com\/?attachment_id=2027\" data-orig-file=\"https:\/\/i0.wp.com\/wenthauspolomka.com\/wp-content\/uploads\/2023\/01\/200211_036_CBB_EP_EG_GRC_005_AP_Grundriss-coloriert-3-edited.jpg?fit=4062%2C2537&amp;ssl=1\" data-orig-size=\"4062,2537\" data-comments-opened=\"1\" data-image-meta=\"{&quot;aperture&quot;:&quot;0&quot;,&quot;credit&quot;:&quot;&quot;,&quot;camera&quot;:&quot;&quot;,&quot;caption&quot;:&quot;&quot;,&quot;created_timestamp&quot;:&quot;0&quot;,&quot;copyright&quot;:&quot;&quot;,&quot;focal_length&quot;:&quot;0&quot;,&quot;iso&quot;:&quot;0&quot;,&quot;shutter_speed&quot;:&quot;0&quot;,&quot;title&quot;:&quot;&quot;,&quot;orientation&quot;:&quot;0&quot;}\" data-image-title=\"200211_036_CBB_EP_EG_GRC_005_AP_Grundriss-coloriert-3\" data-image-description=\"\" data-image-caption=\"\" data-large-file=\"https:\/\/i0.wp.com\/wenthauspolomka.com\/wp-content\/uploads\/2023\/01\/200211_036_CBB_EP_EG_GRC_005_AP_Grundriss-coloriert-3-edited.jpg?fit=1024%2C640&amp;ssl=1\" src=\"https:\/\/i0.wp.com\/wenthauspolomka.com\/wp-content\/uploads\/2023\/01\/200211_036_CBB_EP_EG_GRC_005_AP_Grundriss-coloriert-3-edited.jpg?resize=4062%2C2537&#038;ssl=1\" alt=\"\" class=\"wp-image-2027\" srcset=\"https:\/\/i0.wp.com\/wenthauspolomka.com\/wp-content\/uploads\/2023\/01\/200211_036_CBB_EP_EG_GRC_005_AP_Grundriss-coloriert-3-edited.jpg?w=4062&amp;ssl=1 4062w, https:\/\/i0.wp.com\/wenthauspolomka.com\/wp-content\/uploads\/2023\/01\/200211_036_CBB_EP_EG_GRC_005_AP_Grundriss-coloriert-3-edited.jpg?resize=300%2C187&amp;ssl=1 300w, https:\/\/i0.wp.com\/wenthauspolomka.com\/wp-content\/uploads\/2023\/01\/200211_036_CBB_EP_EG_GRC_005_AP_Grundriss-coloriert-3-edited.jpg?resize=1024%2C640&amp;ssl=1 1024w, https:\/\/i0.wp.com\/wenthauspolomka.com\/wp-content\/uploads\/2023\/01\/200211_036_CBB_EP_EG_GRC_005_AP_Grundriss-coloriert-3-edited.jpg?resize=768%2C480&amp;ssl=1 768w, https:\/\/i0.wp.com\/wenthauspolomka.com\/wp-content\/uploads\/2023\/01\/200211_036_CBB_EP_EG_GRC_005_AP_Grundriss-coloriert-3-edited.jpg?resize=1536%2C959&amp;ssl=1 1536w, https:\/\/i0.wp.com\/wenthauspolomka.com\/wp-content\/uploads\/2023\/01\/200211_036_CBB_EP_EG_GRC_005_AP_Grundriss-coloriert-3-edited.jpg?resize=2048%2C1279&amp;ssl=1 2048w, https:\/\/i0.wp.com\/wenthauspolomka.com\/wp-content\/uploads\/2023\/01\/200211_036_CBB_EP_EG_GRC_005_AP_Grundriss-coloriert-3-edited.jpg?resize=1200%2C749&amp;ssl=1 1200w, https:\/\/i0.wp.com\/wenthauspolomka.com\/wp-content\/uploads\/2023\/01\/200211_036_CBB_EP_EG_GRC_005_AP_Grundriss-coloriert-3-edited.jpg?w=3000&amp;ssl=1 3000w\" sizes=\"(max-width: 1000px) 100vw, 1000px\" \/><\/figure>\n\n\n\n<div style=\"height:100px\" aria-hidden=\"true\" class=\"wp-block-spacer\"><\/div>\n<\/div>\n","protected":false},"excerpt":{"rendered":"<p>Beratung. Planung. Umsetzung. Transparent alles aus einer Hand. Wir unterst\u00fctzen Sie bei Ihrem Bauvorhaben und \u00fcberzeugen durch ma\u00dfgeschneiderte L\u00f6sungsans\u00e4tzen, welche immer mit dem Fokus auf eine gemeinsame Erarbeitung von Strategien und Konzepte betrachtet werden. Gemeinsam mit Ihnen f\u00fcr Sie. Wir schaffen gesamtheitliche Gestaltung von kleinen Objekten bis hin zum \u00fcbergreifenden Verst\u00e4ndnis zwischen Innenarchitektur und Architektur. [&hellip;]<\/p>\n","protected":false},"author":138434253,"featured_media":0,"parent":0,"menu_order":2,"comment_status":"closed","ping_status":"closed","template":"","meta":{"_coblocks_attr":"","_coblocks_dimensions":"","_coblocks_responsive_height":"","_coblocks_accordion_ie_support":"","_crdt_document":"","footnotes":""},"class_list":["post-1668","page","type-page","status-publish","hentry"],"jetpack_likes_enabled":false,"jetpack_sharing_enabled":true,"jetpack_shortlink":"https:\/\/wp.me\/PbJYqp-qU","amp_enabled":true,"_links":{"self":[{"href":"https:\/\/wenthauspolomka.com\/index.php?rest_route=\/wp\/v2\/pages\/1668","targetHints":{"allow":["GET"]}}],"collection":[{"href":"https:\/\/wenthauspolomka.com\/index.php?rest_route=\/wp\/v2\/pages"}],"about":[{"href":"https:\/\/wenthauspolomka.com\/index.php?rest_route=\/wp\/v2\/types\/page"}],"author":[{"embeddable":true,"href":"https:\/\/wenthauspolomka.com\/index.php?rest_route=\/wp\/v2\/users\/138434253"}],"replies":[{"embeddable":true,"href":"https:\/\/wenthauspolomka.com\/index.php?rest_route=%2Fwp%2Fv2%2Fcomments&post=1668"}],"version-history":[{"count":35,"href":"https:\/\/wenthauspolomka.com\/index.php?rest_route=\/wp\/v2\/pages\/1668\/revisions"}],"predecessor-version":[{"id":3267,"href":"https:\/\/wenthauspolomka.com\/index.php?rest_route=\/wp\/v2\/pages\/1668\/revisions\/3267"}],"wp:attachment":[{"href":"https:\/\/wenthauspolomka.com\/index.php?rest_route=%2Fwp%2Fv2%2Fmedia&parent=1668"}],"curies":[{"name":"wp","href":"https:\/\/api.w.org\/{rel}","templated":true}]}}